{"id":1237,"date":"2025-09-15T12:43:04","date_gmt":"2025-09-15T09:43:04","guid":{"rendered":"https:\/\/sakos.demod4u.gr\/certifications-quality-standards\/"},"modified":"2026-03-12T18:20:32","modified_gmt":"2026-03-12T16:20:32","slug":"certifications-quality-standards","status":"publish","type":"page","link":"https:\/\/sakos.demod4u.gr\/de\/certifications-quality-standards\/","title":{"rendered":"Zertifizierungen &#038; Qualit\u00e4tsstandards"},"content":{"rendered":"\n<div class=\"certifications-section1\">\n<div class=\"gb-element-cd79fd59 inner-container\"><div class=\"yoast-breadcrumbs\"><span><span><a href=\"https:\/\/sakos.demod4u.gr\/de\/\">Home<\/a><\/span> | <span class=\"breadcrumb_last\" aria-current=\"page\">Zertifizierungen &#038; Qualit\u00e4tsstandards<\/span><\/span><\/div>\n\n\n<div class=\"gb-element-ef55e6c2 grid-wrapper\">\n<div>\n<div class=\"gb-text prefix\">SAKOS S.A<\/div>\n\n\n\n<h2 class=\"gb-text\">Unser Fundament f\u00fcr Exzellenz<\/h2>\n\n\n\n<p>Das (nicht ganz so) geheime Erfolgsrezept von SAKOS S.A. ist unser unersch\u00fctterliches Engagement f\u00fcr Qualit\u00e4t \u2013 bei unseren Produkten, Dienstleistungen und Abl\u00e4ufen sowie in unserer Verantwortung gegen\u00fcber Mensch und Umwelt. Unser Ruf f\u00fcr exzellente Verpackungsl\u00f6sungen ist das Ergebnis von drei\u00dfig Jahren Arbeit, gest\u00fctzt auf transparente Prozesse, messbare Standards und eine Kultur der kontinuierlichen Verbesserung.<\/p>\n\n\n\n<p>Im Folgenden finden Sie eine Auswahl unserer wichtigsten Zertifizierungen und die Pr\u00fcfstandards, die t\u00e4glich in unserem eigenen <strong>Qualit\u00e4tskontrolllabor <\/strong>angewendet werden.<\/p>\n\n\n\n<h3 class=\"gb-text\">Zertifizierungen<\/h3>\n\n\n\n<ul class=\"wp-block-list\">\n<li><strong>ISO 9001:2015<\/strong> \u2014 Qualit\u00e4tsmanagementsystem (QMS)<\/li>\n\n\n\n<li><strong>ISO 22000:2018<\/strong> \u2014 Managementsystem f\u00fcr Lebensmittelsicherheit (FSMS)<\/li>\n\n\n\n<li><strong>ISO 14001:2015<\/strong> \u2014 Umweltmanagementsystem (UMS)<\/li>\n\n\n\n<li><strong>T\u00dcV Austria OK compost Industrial (EN 13432)<\/strong> \u2014 Industriell kompostierbare Verpackungen<\/li>\n\n\n\n<li><strong>ISO 14644<\/strong> \u2014 Reinraumtechnik (Klassen 8 &amp; 6)<\/li>\n<\/ul>\n\n\n\n<h3 class=\"gb-text\">Qualit\u00e4ts-Pr\u00fcfstandards<\/h3>\n\n\n\n<ul class=\"wp-block-list\">\n<li><strong>ASTM E154<\/strong> \u2013 Durchsto\u00dffestigkeit (Puncture Resistance)<\/li>\n\n\n\n<li><strong>ASTM D1894<\/strong> \u2013 Statische und kinetische Reibungskoeffizienten (COF)<\/li>\n\n\n\n<li><strong>ASTM D2732<\/strong> \u2013 Thermische Schrumpfung<\/li>\n\n\n\n<li><strong>ASTM D882<\/strong> \u2013 Zugfestigkeit und Sekantenmodul<\/li>\n\n\n\n<li><strong>ASTM D5459<\/strong> \u2013 Elastische Erholung und bleibende Verformung<\/li>\n\n\n\n<li><strong>ASTM D1709<\/strong> \u2013 Schlagfestigkeit (Dart-Drop-Test)<\/li>\n\n\n\n<li><strong>ASTM D1922<\/strong> \u2013 Weiterrei\u00dfwiderstand (Propagation Tear Resistance)<\/li>\n\n\n\n<li><strong>Messung der elektrostatischen Ladung<\/strong><\/li>\n\n\n\n<li><strong>Pr\u00fcfung der Dickengleichm\u00e4\u00dfigkeit<\/strong> (mittels elektronischem Dickenmessger\u00e4t)<\/li>\n\n\n\n<li><strong>ASTM D1238<\/strong> \u2013 Schmelzflussrate (MFI)<\/li>\n\n\n\n<li><strong>Bewitterungsanalyse:<\/strong> Beschleunigte Pr\u00fcfung von Sonnenlicht-, Feuchtigkeits- und Umwelteinfl\u00fcssen.<\/li>\n<\/ul>\n\n\n\n<p>Bei SAKOS S.A. ist Qualit\u00e4t mehr als nur ein Standard \u2013 sie ist ein Versprechen an unsere Kunden, unsere Partner und die Gemeinschaften, in denen wir t\u00e4tig sind.<\/p>\n<\/div>\n\n\n\n<div>\n<img loading=\"lazy\" decoding=\"async\" width=\"600\" height=\"600\" class=\"gb-media-360f68bd\" alt=\"\" src=\"https:\/\/sakos.demod4u.gr\/wp-content\/uploads\/2025\/09\/3.jpg\" title=\"3\" srcset=\"https:\/\/sakos.demod4u.gr\/wp-content\/uploads\/2025\/09\/3.jpg 600w, https:\/\/sakos.demod4u.gr\/wp-content\/uploads\/2025\/09\/3-300x300.jpg 300w, https:\/\/sakos.demod4u.gr\/wp-content\/uploads\/2025\/09\/3-150x150.jpg 150w, https:\/\/sakos.demod4u.gr\/wp-content\/uploads\/2025\/09\/3-50x50.jpg 50w\" sizes=\"auto, (max-width: 600px) 100vw, 600px\" \/>\n<\/div>\n<\/div>\n<\/div>\n<\/div>\n\n\n\n<div class=\"certifications-section2\">\n<div class=\"gb-element-b509c082 inner-container\">\n<figure class=\"wp-block-gallery has-nested-images columns-4 is-cropped wp-block-gallery-1 is-layout-flex wp-block-gallery-is-layout-flex\">\n<figure class=\"wp-block-image size-full\"><a href=\"https:\/\/sakos.demod4u.gr\/wp-content\/uploads\/2025\/10\/Screenshot-2025-10-27-102302.png\"><img loading=\"lazy\" decoding=\"async\" width=\"594\" height=\"835\" data-id=\"947\" src=\"https:\/\/sakos.demod4u.gr\/wp-content\/uploads\/2025\/10\/Screenshot-2025-10-27-102302.png\" alt=\"\" class=\"wp-image-947\" srcset=\"https:\/\/sakos.demod4u.gr\/wp-content\/uploads\/2025\/10\/Screenshot-2025-10-27-102302.png 594w, https:\/\/sakos.demod4u.gr\/wp-content\/uploads\/2025\/10\/Screenshot-2025-10-27-102302-213x300.png 213w, https:\/\/sakos.demod4u.gr\/wp-content\/uploads\/2025\/10\/Screenshot-2025-10-27-102302-50x70.png 50w\" sizes=\"auto, (max-width: 594px) 100vw, 594px\" \/><\/a><\/figure>\n\n\n\n<figure class=\"wp-block-image size-full\"><a href=\"https:\/\/sakos.demod4u.gr\/wp-content\/uploads\/2025\/10\/Screenshot-2025-10-27-102318.png\"><img loading=\"lazy\" decoding=\"async\" width=\"592\" height=\"839\" data-id=\"948\" src=\"https:\/\/sakos.demod4u.gr\/wp-content\/uploads\/2025\/10\/Screenshot-2025-10-27-102318.png\" alt=\"\" class=\"wp-image-948\" srcset=\"https:\/\/sakos.demod4u.gr\/wp-content\/uploads\/2025\/10\/Screenshot-2025-10-27-102318.png 592w, https:\/\/sakos.demod4u.gr\/wp-content\/uploads\/2025\/10\/Screenshot-2025-10-27-102318-212x300.png 212w, https:\/\/sakos.demod4u.gr\/wp-content\/uploads\/2025\/10\/Screenshot-2025-10-27-102318-50x71.png 50w\" sizes=\"auto, (max-width: 592px) 100vw, 592px\" \/><\/a><\/figure>\n\n\n\n<figure class=\"wp-block-image size-full\"><a href=\"https:\/\/sakos.demod4u.gr\/wp-content\/uploads\/2025\/10\/Screenshot-2025-10-27-102346.png\"><img loading=\"lazy\" decoding=\"async\" width=\"592\" height=\"836\" data-id=\"949\" src=\"https:\/\/sakos.demod4u.gr\/wp-content\/uploads\/2025\/10\/Screenshot-2025-10-27-102346.png\" alt=\"\" class=\"wp-image-949\" srcset=\"https:\/\/sakos.demod4u.gr\/wp-content\/uploads\/2025\/10\/Screenshot-2025-10-27-102346.png 592w, https:\/\/sakos.demod4u.gr\/wp-content\/uploads\/2025\/10\/Screenshot-2025-10-27-102346-212x300.png 212w, https:\/\/sakos.demod4u.gr\/wp-content\/uploads\/2025\/10\/Screenshot-2025-10-27-102346-50x71.png 50w\" sizes=\"auto, (max-width: 592px) 100vw, 592px\" \/><\/a><\/figure>\n\n\n\n<figure class=\"wp-block-image size-large\"><a href=\"https:\/\/sakos.demod4u.gr\/wp-content\/uploads\/2025\/10\/OK-COMPOST-TUV-CERTIFICATE-TA-8011903241-20.3-724x1024.jpg\"><img loading=\"lazy\" decoding=\"async\" width=\"724\" height=\"1024\" data-id=\"944\" src=\"https:\/\/sakos.demod4u.gr\/wp-content\/uploads\/2025\/10\/OK-COMPOST-TUV-CERTIFICATE-TA-8011903241-20.3-724x1024.jpg\" alt=\"\" class=\"wp-image-944\" srcset=\"https:\/\/sakos.demod4u.gr\/wp-content\/uploads\/2025\/10\/OK-COMPOST-TUV-CERTIFICATE-TA-8011903241-20.3-724x1024.jpg 724w, https:\/\/sakos.demod4u.gr\/wp-content\/uploads\/2025\/10\/OK-COMPOST-TUV-CERTIFICATE-TA-8011903241-20.3-212x300.jpg 212w, https:\/\/sakos.demod4u.gr\/wp-content\/uploads\/2025\/10\/OK-COMPOST-TUV-CERTIFICATE-TA-8011903241-20.3-768x1086.jpg 768w, https:\/\/sakos.demod4u.gr\/wp-content\/uploads\/2025\/10\/OK-COMPOST-TUV-CERTIFICATE-TA-8011903241-20.3-50x71.jpg 50w, https:\/\/sakos.demod4u.gr\/wp-content\/uploads\/2025\/10\/OK-COMPOST-TUV-CERTIFICATE-TA-8011903241-20.3-1600x2263.jpg 1600w, https:\/\/sakos.demod4u.gr\/wp-content\/uploads\/2025\/10\/OK-COMPOST-TUV-CERTIFICATE-TA-8011903241-20.3-1086x1536.jpg 1086w, https:\/\/sakos.demod4u.gr\/wp-content\/uploads\/2025\/10\/OK-COMPOST-TUV-CERTIFICATE-TA-8011903241-20.3-1448x2048.jpg 1448w, https:\/\/sakos.demod4u.gr\/wp-content\/uploads\/2025\/10\/OK-COMPOST-TUV-CERTIFICATE-TA-8011903241-20.3-1320x1867.jpg 1320w, https:\/\/sakos.demod4u.gr\/wp-content\/uploads\/2025\/10\/OK-COMPOST-TUV-CERTIFICATE-TA-8011903241-20.3.jpg 1653w\" sizes=\"auto, (max-width: 724px) 100vw, 724px\" \/><\/a><\/figure>\n\n\n\n<figure class=\"wp-block-image size-large\"><a href=\"https:\/\/sakos.demod4u.gr\/wp-content\/uploads\/2025\/09\/SAKOS-CBR-6-Certificate-V2-768x576-1.jpg\"><img loading=\"lazy\" decoding=\"async\" width=\"768\" height=\"576\" data-id=\"237\" src=\"https:\/\/sakos.demod4u.gr\/wp-content\/uploads\/2025\/09\/SAKOS-CBR-6-Certificate-V2-768x576-1.jpg\" alt=\"\" class=\"wp-image-237\" srcset=\"https:\/\/sakos.demod4u.gr\/wp-content\/uploads\/2025\/09\/SAKOS-CBR-6-Certificate-V2-768x576-1.jpg 768w, https:\/\/sakos.demod4u.gr\/wp-content\/uploads\/2025\/09\/SAKOS-CBR-6-Certificate-V2-768x576-1-300x225.jpg 300w, https:\/\/sakos.demod4u.gr\/wp-content\/uploads\/2025\/09\/SAKOS-CBR-6-Certificate-V2-768x576-1-50x38.jpg 50w\" sizes=\"auto, (max-width: 768px) 100vw, 768px\" \/><\/a><\/figure>\n\n\n\n<figure class=\"wp-block-image size-large\"><a href=\"https:\/\/sakos.demod4u.gr\/wp-content\/uploads\/2025\/09\/SAKOS-CFR-8-Certificate-768x576-1.jpg\"><img loading=\"lazy\" decoding=\"async\" width=\"768\" height=\"576\" data-id=\"240\" src=\"https:\/\/sakos.demod4u.gr\/wp-content\/uploads\/2025\/09\/SAKOS-CFR-8-Certificate-768x576-1.jpg\" alt=\"\" class=\"wp-image-240\" srcset=\"https:\/\/sakos.demod4u.gr\/wp-content\/uploads\/2025\/09\/SAKOS-CFR-8-Certificate-768x576-1.jpg 768w, https:\/\/sakos.demod4u.gr\/wp-content\/uploads\/2025\/09\/SAKOS-CFR-8-Certificate-768x576-1-300x225.jpg 300w, https:\/\/sakos.demod4u.gr\/wp-content\/uploads\/2025\/09\/SAKOS-CFR-8-Certificate-768x576-1-50x38.jpg 50w\" sizes=\"auto, (max-width: 768px) 100vw, 768px\" \/><\/a><\/figure>\n<\/figure>\n<\/div>\n<\/div>\n\n\n\n<div class=\"certifications-section3\">\n<div class=\"gb-element-6c7673a8 inner-container\">\n<figure class=\"wp-block-gallery has-nested-images columns-5 wp-block-gallery-2 is-layout-flex wp-block-gallery-is-layout-flex\">\n<figure class=\"wp-block-image size-large\"><img loading=\"lazy\" decoding=\"async\" width=\"203\" height=\"119\" data-id=\"247\" src=\"https:\/\/sakos.demod4u.gr\/wp-content\/uploads\/2025\/09\/iso-9001-2015-color.png\" alt=\"\" class=\"wp-image-247\" srcset=\"https:\/\/sakos.demod4u.gr\/wp-content\/uploads\/2025\/09\/iso-9001-2015-color.png 203w, https:\/\/sakos.demod4u.gr\/wp-content\/uploads\/2025\/09\/iso-9001-2015-color-50x29.png 50w\" sizes=\"auto, (max-width: 203px) 100vw, 203px\" \/><\/figure>\n\n\n\n<figure class=\"wp-block-image size-large\"><img loading=\"lazy\" decoding=\"async\" width=\"203\" height=\"119\" data-id=\"245\" src=\"https:\/\/sakos.demod4u.gr\/wp-content\/uploads\/2025\/09\/ok-compost-tuv-austria-color.png\" alt=\"\" class=\"wp-image-245\" srcset=\"https:\/\/sakos.demod4u.gr\/wp-content\/uploads\/2025\/09\/ok-compost-tuv-austria-color.png 203w, https:\/\/sakos.demod4u.gr\/wp-content\/uploads\/2025\/09\/ok-compost-tuv-austria-color-50x29.png 50w\" sizes=\"auto, (max-width: 203px) 100vw, 203px\" \/><\/figure>\n\n\n\n<figure class=\"wp-block-image size-large\"><img loading=\"lazy\" decoding=\"async\" width=\"203\" height=\"119\" data-id=\"246\" src=\"https:\/\/sakos.demod4u.gr\/wp-content\/uploads\/2025\/09\/Cleanroom-1-ISO-8-WHT.png\" alt=\"\" class=\"wp-image-246\" srcset=\"https:\/\/sakos.demod4u.gr\/wp-content\/uploads\/2025\/09\/Cleanroom-1-ISO-8-WHT.png 203w, https:\/\/sakos.demod4u.gr\/wp-content\/uploads\/2025\/09\/Cleanroom-1-ISO-8-WHT-50x29.png 50w\" sizes=\"auto, (max-width: 203px) 100vw, 203px\" \/><\/figure>\n\n\n\n<figure class=\"wp-block-image size-large\"><img loading=\"lazy\" decoding=\"async\" width=\"203\" height=\"119\" data-id=\"244\" src=\"https:\/\/sakos.demod4u.gr\/wp-content\/uploads\/2025\/09\/Cleanroom-2-ISO-6-WHT.png\" alt=\"\" class=\"wp-image-244\" srcset=\"https:\/\/sakos.demod4u.gr\/wp-content\/uploads\/2025\/09\/Cleanroom-2-ISO-6-WHT.png 203w, https:\/\/sakos.demod4u.gr\/wp-content\/uploads\/2025\/09\/Cleanroom-2-ISO-6-WHT-50x29.png 50w\" sizes=\"auto, (max-width: 203px) 100vw, 203px\" \/><\/figure>\n<\/figure>\n<\/div>\n<\/div>\n","protected":false},"excerpt":{"rendered":"<p>SAKOS S.A Unser Fundament f\u00fcr Exzellenz Das (nicht ganz so) geheime Erfolgsrezept von SAKOS S.A. ist unser unersch\u00fctterliches Engagement f\u00fcr Qualit\u00e4t \u2013 bei unseren Produkten, Dienstleistungen und Abl\u00e4ufen sowie in unserer Verantwortung gegen\u00fcber Mensch und Umwelt. Unser Ruf f\u00fcr exzellente Verpackungsl\u00f6sungen ist das Ergebnis von drei\u00dfig Jahren Arbeit, gest\u00fctzt auf transparente Prozesse, messbare Standards und &#8230; <a title=\"Zertifizierungen &#038; Qualit\u00e4tsstandards\" class=\"read-more\" href=\"https:\/\/sakos.demod4u.gr\/de\/certifications-quality-standards\/\" aria-label=\"Mehr Informationen \u00fcber Zertifizierungen &#038; Qualit\u00e4tsstandards\">Weiterlesen &#8230;<\/a><\/p>\n","protected":false},"author":3,"featured_media":1238,"parent":0,"menu_order":0,"comment_status":"closed","ping_status":"closed","template":"","meta":{"_acf_changed":false,"footnotes":""},"class_list":["post-1237","page","type-page","status-publish","has-post-thumbnail"],"acf":[],"yoast_head":"<!-- This site is optimized with the Yoast SEO plugin v26.6 - https:\/\/yoast.com\/wordpress\/plugins\/seo\/ -->\n<title>Zertifizierungen &amp; Qualit\u00e4tsstandards - SAKOS<\/title>\n<meta name=\"robots\" content=\"noindex, follow, max-snippet:-1, max-image-preview:large, max-video-preview:-1\" \/>\n<meta property=\"og:locale\" content=\"de_DE\" \/>\n<meta property=\"og:type\" content=\"article\" \/>\n<meta property=\"og:title\" content=\"Zertifizierungen &amp; Qualit\u00e4tsstandards - SAKOS\" \/>\n<meta property=\"og:description\" content=\"SAKOS S.A Unser Fundament f\u00fcr Exzellenz Das (nicht ganz so) geheime Erfolgsrezept von SAKOS S.A. ist unser unersch\u00fctterliches Engagement f\u00fcr Qualit\u00e4t \u2013 bei unseren Produkten, Dienstleistungen und Abl\u00e4ufen sowie in unserer Verantwortung gegen\u00fcber Mensch und Umwelt. Unser Ruf f\u00fcr exzellente Verpackungsl\u00f6sungen ist das Ergebnis von drei\u00dfig Jahren Arbeit, gest\u00fctzt auf transparente Prozesse, messbare Standards und ... Weiterlesen ...\" \/>\n<meta property=\"og:url\" content=\"https:\/\/sakos.demod4u.gr\/de\/certifications-quality-standards\/\" \/>\n<meta property=\"og:site_name\" content=\"SAKOS\" \/>\n<meta property=\"article:modified_time\" content=\"2026-03-12T16:20:32+00:00\" \/>\n<meta property=\"og:image\" content=\"https:\/\/sakos.demod4u.gr\/wp-content\/uploads\/2025\/09\/certifications-hero.jpg\" \/>\n\t<meta property=\"og:image:width\" content=\"1920\" \/>\n\t<meta property=\"og:image:height\" content=\"500\" \/>\n\t<meta property=\"og:image:type\" content=\"image\/jpeg\" \/>\n<meta name=\"twitter:card\" content=\"summary_large_image\" \/>\n<meta name=\"twitter:label1\" content=\"Gesch\u00e4tzte Lesezeit\" \/>\n\t<meta name=\"twitter:data1\" content=\"4\u00a0Minuten\" \/>\n<script type=\"application\/ld+json\" class=\"yoast-schema-graph\">{\"@context\":\"https:\/\/schema.org\",\"@graph\":[{\"@type\":\"WebPage\",\"@id\":\"https:\/\/sakos.demod4u.gr\/de\/certifications-quality-standards\/\",\"url\":\"https:\/\/sakos.demod4u.gr\/de\/certifications-quality-standards\/\",\"name\":\"Zertifizierungen & Qualit\u00e4tsstandards - SAKOS\",\"isPartOf\":{\"@id\":\"https:\/\/sakos.demod4u.gr\/de\/#website\"},\"primaryImageOfPage\":{\"@id\":\"https:\/\/sakos.demod4u.gr\/de\/certifications-quality-standards\/#primaryimage\"},\"image\":{\"@id\":\"https:\/\/sakos.demod4u.gr\/de\/certifications-quality-standards\/#primaryimage\"},\"thumbnailUrl\":\"https:\/\/sakos.demod4u.gr\/wp-content\/uploads\/2025\/09\/certifications-hero.jpg\",\"datePublished\":\"2025-09-15T09:43:04+00:00\",\"dateModified\":\"2026-03-12T16:20:32+00:00\",\"breadcrumb\":{\"@id\":\"https:\/\/sakos.demod4u.gr\/de\/certifications-quality-standards\/#breadcrumb\"},\"inLanguage\":\"de\",\"potentialAction\":[{\"@type\":\"ReadAction\",\"target\":[\"https:\/\/sakos.demod4u.gr\/de\/certifications-quality-standards\/\"]}]},{\"@type\":\"ImageObject\",\"inLanguage\":\"de\",\"@id\":\"https:\/\/sakos.demod4u.gr\/de\/certifications-quality-standards\/#primaryimage\",\"url\":\"https:\/\/sakos.demod4u.gr\/wp-content\/uploads\/2025\/09\/certifications-hero.jpg\",\"contentUrl\":\"https:\/\/sakos.demod4u.gr\/wp-content\/uploads\/2025\/09\/certifications-hero.jpg\",\"width\":1920,\"height\":500},{\"@type\":\"BreadcrumbList\",\"@id\":\"https:\/\/sakos.demod4u.gr\/de\/certifications-quality-standards\/#breadcrumb\",\"itemListElement\":[{\"@type\":\"ListItem\",\"position\":1,\"name\":\"Home\",\"item\":\"https:\/\/sakos.demod4u.gr\/de\/\"},{\"@type\":\"ListItem\",\"position\":2,\"name\":\"Zertifizierungen &#038; Qualit\u00e4tsstandards\"}]},{\"@type\":\"WebSite\",\"@id\":\"https:\/\/sakos.demod4u.gr\/de\/#website\",\"url\":\"https:\/\/sakos.demod4u.gr\/de\/\",\"name\":\"SAKOS\",\"description\":\"\",\"publisher\":{\"@id\":\"https:\/\/sakos.demod4u.gr\/de\/#organization\"},\"potentialAction\":[{\"@type\":\"SearchAction\",\"target\":{\"@type\":\"EntryPoint\",\"urlTemplate\":\"https:\/\/sakos.demod4u.gr\/de\/?s={search_term_string}\"},\"query-input\":{\"@type\":\"PropertyValueSpecification\",\"valueRequired\":true,\"valueName\":\"search_term_string\"}}],\"inLanguage\":\"de\"},{\"@type\":\"Organization\",\"@id\":\"https:\/\/sakos.demod4u.gr\/de\/#organization\",\"name\":\"SAKOS\",\"url\":\"https:\/\/sakos.demod4u.gr\/de\/\",\"logo\":{\"@type\":\"ImageObject\",\"inLanguage\":\"de\",\"@id\":\"https:\/\/sakos.demod4u.gr\/de\/#\/schema\/logo\/image\/\",\"url\":\"https:\/\/sakos.demod4u.gr\/wp-content\/uploads\/2025\/09\/logo.png\",\"contentUrl\":\"https:\/\/sakos.demod4u.gr\/wp-content\/uploads\/2025\/09\/logo.png\",\"width\":196,\"height\":81,\"caption\":\"SAKOS\"},\"image\":{\"@id\":\"https:\/\/sakos.demod4u.gr\/de\/#\/schema\/logo\/image\/\"}}]}<\/script>\n<!-- \/ Yoast SEO plugin. -->","yoast_head_json":{"title":"Zertifizierungen & Qualit\u00e4tsstandards - SAKOS","robots":{"index":"noindex","follow":"follow","max-snippet":"max-snippet:-1","max-image-preview":"max-image-preview:large","max-video-preview":"max-video-preview:-1"},"og_locale":"de_DE","og_type":"article","og_title":"Zertifizierungen & Qualit\u00e4tsstandards - SAKOS","og_description":"SAKOS S.A Unser Fundament f\u00fcr Exzellenz Das (nicht ganz so) geheime Erfolgsrezept von SAKOS S.A. ist unser unersch\u00fctterliches Engagement f\u00fcr Qualit\u00e4t \u2013 bei unseren Produkten, Dienstleistungen und Abl\u00e4ufen sowie in unserer Verantwortung gegen\u00fcber Mensch und Umwelt. Unser Ruf f\u00fcr exzellente Verpackungsl\u00f6sungen ist das Ergebnis von drei\u00dfig Jahren Arbeit, gest\u00fctzt auf transparente Prozesse, messbare Standards und ... Weiterlesen ...","og_url":"https:\/\/sakos.demod4u.gr\/de\/certifications-quality-standards\/","og_site_name":"SAKOS","article_modified_time":"2026-03-12T16:20:32+00:00","og_image":[{"width":1920,"height":500,"url":"https:\/\/sakos.demod4u.gr\/wp-content\/uploads\/2025\/09\/certifications-hero.jpg","type":"image\/jpeg"}],"twitter_card":"summary_large_image","twitter_misc":{"Gesch\u00e4tzte Lesezeit":"4\u00a0Minuten"},"schema":{"@context":"https:\/\/schema.org","@graph":[{"@type":"WebPage","@id":"https:\/\/sakos.demod4u.gr\/de\/certifications-quality-standards\/","url":"https:\/\/sakos.demod4u.gr\/de\/certifications-quality-standards\/","name":"Zertifizierungen & Qualit\u00e4tsstandards - SAKOS","isPartOf":{"@id":"https:\/\/sakos.demod4u.gr\/de\/#website"},"primaryImageOfPage":{"@id":"https:\/\/sakos.demod4u.gr\/de\/certifications-quality-standards\/#primaryimage"},"image":{"@id":"https:\/\/sakos.demod4u.gr\/de\/certifications-quality-standards\/#primaryimage"},"thumbnailUrl":"https:\/\/sakos.demod4u.gr\/wp-content\/uploads\/2025\/09\/certifications-hero.jpg","datePublished":"2025-09-15T09:43:04+00:00","dateModified":"2026-03-12T16:20:32+00:00","breadcrumb":{"@id":"https:\/\/sakos.demod4u.gr\/de\/certifications-quality-standards\/#breadcrumb"},"inLanguage":"de","potentialAction":[{"@type":"ReadAction","target":["https:\/\/sakos.demod4u.gr\/de\/certifications-quality-standards\/"]}]},{"@type":"ImageObject","inLanguage":"de","@id":"https:\/\/sakos.demod4u.gr\/de\/certifications-quality-standards\/#primaryimage","url":"https:\/\/sakos.demod4u.gr\/wp-content\/uploads\/2025\/09\/certifications-hero.jpg","contentUrl":"https:\/\/sakos.demod4u.gr\/wp-content\/uploads\/2025\/09\/certifications-hero.jpg","width":1920,"height":500},{"@type":"BreadcrumbList","@id":"https:\/\/sakos.demod4u.gr\/de\/certifications-quality-standards\/#breadcrumb","itemListElement":[{"@type":"ListItem","position":1,"name":"Home","item":"https:\/\/sakos.demod4u.gr\/de\/"},{"@type":"ListItem","position":2,"name":"Zertifizierungen &#038; Qualit\u00e4tsstandards"}]},{"@type":"WebSite","@id":"https:\/\/sakos.demod4u.gr\/de\/#website","url":"https:\/\/sakos.demod4u.gr\/de\/","name":"SAKOS","description":"","publisher":{"@id":"https:\/\/sakos.demod4u.gr\/de\/#organization"},"potentialAction":[{"@type":"SearchAction","target":{"@type":"EntryPoint","urlTemplate":"https:\/\/sakos.demod4u.gr\/de\/?s={search_term_string}"},"query-input":{"@type":"PropertyValueSpecification","valueRequired":true,"valueName":"search_term_string"}}],"inLanguage":"de"},{"@type":"Organization","@id":"https:\/\/sakos.demod4u.gr\/de\/#organization","name":"SAKOS","url":"https:\/\/sakos.demod4u.gr\/de\/","logo":{"@type":"ImageObject","inLanguage":"de","@id":"https:\/\/sakos.demod4u.gr\/de\/#\/schema\/logo\/image\/","url":"https:\/\/sakos.demod4u.gr\/wp-content\/uploads\/2025\/09\/logo.png","contentUrl":"https:\/\/sakos.demod4u.gr\/wp-content\/uploads\/2025\/09\/logo.png","width":196,"height":81,"caption":"SAKOS"},"image":{"@id":"https:\/\/sakos.demod4u.gr\/de\/#\/schema\/logo\/image\/"}}]}},"_links":{"self":[{"href":"https:\/\/sakos.demod4u.gr\/de\/wp-json\/wp\/v2\/pages\/1237","targetHints":{"allow":["GET"]}}],"collection":[{"href":"https:\/\/sakos.demod4u.gr\/de\/wp-json\/wp\/v2\/pages"}],"about":[{"href":"https:\/\/sakos.demod4u.gr\/de\/wp-json\/wp\/v2\/types\/page"}],"author":[{"embeddable":true,"href":"https:\/\/sakos.demod4u.gr\/de\/wp-json\/wp\/v2\/users\/3"}],"replies":[{"embeddable":true,"href":"https:\/\/sakos.demod4u.gr\/de\/wp-json\/wp\/v2\/comments?post=1237"}],"version-history":[{"count":4,"href":"https:\/\/sakos.demod4u.gr\/de\/wp-json\/wp\/v2\/pages\/1237\/revisions"}],"predecessor-version":[{"id":1289,"href":"https:\/\/sakos.demod4u.gr\/de\/wp-json\/wp\/v2\/pages\/1237\/revisions\/1289"}],"wp:featuredmedia":[{"embeddable":true,"href":"https:\/\/sakos.demod4u.gr\/de\/wp-json\/wp\/v2\/media\/1238"}],"wp:attachment":[{"href":"https:\/\/sakos.demod4u.gr\/de\/wp-json\/wp\/v2\/media?parent=1237"}],"curies":[{"name":"wp","href":"https:\/\/api.w.org\/{rel}","templated":true}]}}